{"id":56426,"date":"2021-11-12T20:27:20","date_gmt":"2021-11-12T20:27:20","guid":{"rendered":"https:\/\/jks.disuapp.ch\/impressum\/"},"modified":"2022-04-22T07:46:10","modified_gmt":"2022-04-22T07:46:10","slug":"legal-notice","status":"publish","type":"page","link":"https:\/\/jks-switzerland.ch\/en\/legal-notice\/","title":{"rendered":"Impressum"},"content":{"rendered":"<div class=\"wpb-content-wrapper\"><p>[vc_row css=&#8221;.vc_custom_1636444999601{margin-top: 30px !important;}&#8221;][vc_column][vc_column_text]<\/p>\n<h2>Impressum<\/h2>\n<p>&nbsp;<\/p>\n<p><strong><i>Kontaktadresse<\/i><\/strong><\/p>\n<p>JKS Switzerland<br \/>\nRothenpark 3<br \/>\n6015 Luzern<br \/>\nSchweiz<\/p>\n<p>E-Mail:<br \/>\nnadir.affinito@jks-switzerland.ch<\/p>\n<p>&nbsp;<\/p>\n<p><strong><i>Vertretungsberechtigte Person(en)<\/i><\/strong><\/p>\n<p>Pr\u00e4sident: Nadir Affinito<br \/>\nVizepr\u00e4sident: Markus Weber<\/p>\n<p><strong><i>Haftungsausschluss<\/i><\/strong><\/p>\n<p>Der Autor \u00fcbernimmt keinerlei Gew\u00e4hr hinsichtlich der inhaltlichen Richtigkeit, Genauigkeit, Aktualit\u00e4t, Zuverl\u00e4ssigkeit und Vollst\u00e4ndigkeit der Informationen.<\/p>\n<p>Haftungsanspr\u00fcche gegen den Autor wegen Sch\u00e4den materieller oder immaterieller Art, welche aus dem Zugriff oder der Nutzung bzw. Nichtnutzung der ver\u00f6ffentlichten Informationen, durch Missbrauch der Verbindung oder durch technische St\u00f6rungen entstanden sind, werden ausgeschlossen.<\/p>\n<p>Alle Angebote sind unverbindlich. Der Autor beh\u00e4lt es sich ausdr\u00fccklich vor, Teile der Seiten oder das gesamte Angebot ohne besondere Ank\u00fcndigung zu ver\u00e4ndern, zu erg\u00e4nzen, zu l\u00f6schen oder die Ver\u00f6ffentlichung zeitweise oder endg\u00fcltig einzustellen.<\/p>\n<p>&nbsp;<\/p>\n<p><strong><i>Haftungsausschluss f\u00fcr Links<\/i><\/strong><\/p>\n<p>Verweise und Links auf Webseiten Dritter liegen ausserhalb unseres Verantwortungsbereichs. Es wird jegliche Verantwortung f\u00fcr solche Webseiten abgelehnt. Der Zugriff und die Nutzung solcher Webseiten erfolgen auf eigene Gefahr des jeweiligen Nutzers.<\/p>\n<p>&nbsp;<\/p>\n<p><strong><i>Urheberrechte<\/i><\/strong><\/p>\n<p>Die Urheber- und alle anderen Rechte an Inhalten, Bildern, Fotos oder anderen Dateien auf dieser Website, geh\u00f6ren ausschliesslich <strong>der juristischen Person JKS-Switzerland<\/strong> oder den speziell genannten Rechteinhabern. F\u00fcr die Reproduktion jeglicher Elemente ist die schriftliche Zustimmung des Urheberrechtstr\u00e4gers im Voraus einzuholen.<\/p>\n<p><!--ACHTUNG: Wenn Sie die Quelle ohne Erlaubnis von SwissAnwalt entfernen, dann begehen Sie eine Urheberrechtsverletzung welche in jedem Fall geahndet wird.-->Quelle: <a href=\"https:\/\/www.swissanwalt.ch\" target=\"_blank\" rel=\"noopener\">SwissAnwalt<\/a><!--Bitte beachten Sie die AGB von SwissAnwalt betreffend allf&auml;llig anfallenden Kosten bei Weglassen der Quelle!-->[\/vc_column_text][\/vc_column][\/vc_row]<\/p>\n<\/div>","protected":false},"excerpt":{"rendered":"<p>[vc_row css=&#8221;.vc_custom_1636444999601{margin-top: 30px !important;}&#8221;][vc_column][vc_column_text] Impressum &nbsp; Kontaktadresse JKS Switzerland Rothenpark 3 6015 Luzern Schweiz E-Mail: nadir.affinito@jks-switzerland.ch &nbsp; Vertretungsberechtigte Person(en) Pr\u00e4sident: Nadir Affinito Vizepr\u00e4sident: Markus Weber Haftungsausschluss Der Autor \u00fcbernimmt keinerlei Gew\u00e4hr hinsichtlich der inhaltlichen Richtigkeit, Genauigkeit, Aktualit\u00e4t, Zuverl\u00e4ssigkeit und Vollst\u00e4ndigkeit der Informationen. Haftungsanspr\u00fcche gegen den Autor wegen Sch\u00e4den materieller oder immaterieller Art, welche aus dem&hellip;<\/p>\n","protected":false},"author":1,"featured_media":0,"parent":0,"menu_order":0,"comment_status":"closed","ping_status":"closed","template":"","meta":{"protect_children":false,"_monsterinsights_skip_tracking":false,"_monsterinsights_sitenote_active":false,"_monsterinsights_sitenote_note":"","_monsterinsights_sitenote_category":0,"footnotes":""},"class_list":["post-56426","page","type-page","status-publish","hentry","description-off"],"aioseo_notices":[],"_links":{"self":[{"href":"https:\/\/jks-switzerland.ch\/en\/wp-json\/wp\/v2\/pages\/56426","targetHints":{"allow":["GET"]}}],"collection":[{"href":"https:\/\/jks-switzerland.ch\/en\/wp-json\/wp\/v2\/pages"}],"about":[{"href":"https:\/\/jks-switzerland.ch\/en\/wp-json\/wp\/v2\/types\/page"}],"author":[{"embeddable":true,"href":"https:\/\/jks-switzerland.ch\/en\/wp-json\/wp\/v2\/users\/1"}],"replies":[{"embeddable":true,"href":"https:\/\/jks-switzerland.ch\/en\/wp-json\/wp\/v2\/comments?post=56426"}],"version-history":[{"count":0,"href":"https:\/\/jks-switzerland.ch\/en\/wp-json\/wp\/v2\/pages\/56426\/revisions"}],"wp:attachment":[{"href":"https:\/\/jks-switzerland.ch\/en\/wp-json\/wp\/v2\/media?parent=56426"}],"curies":[{"name":"wp","href":"https:\/\/api.w.org\/{rel}","templated":true}]}}